{"id":3024,"date":"2023-11-06T21:55:21","date_gmt":"2023-11-06T21:55:21","guid":{"rendered":"https:\/\/ars-dienstleistungen.de\/de\/?page_id=3024"},"modified":"2023-12-01T12:31:00","modified_gmt":"2023-12-01T12:31:00","slug":"hinweisgeberschutz","status":"publish","type":"page","link":"https:\/\/ars-dienstleistungen.de\/de\/hinweisgeberschutz\/","title":{"rendered":"Hinweisgeberschutz"},"content":{"rendered":"<section class=\"wpb-content-wrapper\"><p>[vc_row full_width=&#8220;stretch_row&#8220; equal_height=&#8220;yes&#8220; css=&#8220;.vc_custom_1699309814011{background-image: url(https:\/\/ars-dienstleistungen.de\/de\/wp-content\/uploads\/2022\/09\/g32g.jpeg?id=2065) !important;}&#8220;][vc_column][vc_empty_space height=&#8220;68px&#8220;][vc_column_text]<\/p>\n<h1 style=\"text-align: center;\"><span style=\"color: #ffffff;\"><strong>Hinweisgeberschutz<\/strong><\/span><\/h1>\n<p>[\/vc_column_text][vc_empty_space][\/vc_column][\/vc_row][vc_row][vc_column][vc_empty_space][\/vc_column][\/vc_row][vc_row][vc_column][vc_column_text]<\/p>\n<h3><strong>Hinweisgeberschutzgesetz \u2013 Unser Engagement f\u00fcr Transparenz und Integrit\u00e4t<\/strong><\/h3>\n<p><strong>Liebe Kundinnen und Kunden, liebe Mitarbeiterinnen und Mitarbeiter,<\/strong><\/p>\n<p>in unserem Bestreben, ein verantwortungsbewusstes und ethisches Unternehmensumfeld zu schaffen, m\u00f6chten wir Sie \u00fcber das Hinweisgeberschutzgesetz informieren und dar\u00fcber, wie wir dieses innerhalb unserer Firma f\u00fcr Geb\u00e4udereinigung umsetzen.<\/p>\n<p>Das Hinweisgeberschutzgesetz (auch bekannt als Whistleblower-Schutzgesetz) ist ein wichtiger Bestandteil der europ\u00e4ischen und deutschen Rechtslandschaft, welches Personen, die Missst\u00e4nde innerhalb eines Unternehmens vermuten und diese melden, sch\u00fctzt. Es zielt darauf ab, eine sichere Umgebung f\u00fcr die Meldung von rechtswidrigen Handlungen oder Unterlassungen, die im Arbeitskontext auftreten, zu gew\u00e4hrleisten.<\/p>\n<p>Als Dienstleister in der Geb\u00e4udereinigungsbranche sind wir uns bewusst, dass unsere Mitarbeiterinnen und Mitarbeiter oftmals die Ersten sind, die Unregelm\u00e4\u00dfigkeiten bemerken k\u00f6nnten. Dies k\u00f6nnten zum Beispiel Verst\u00f6\u00dfe gegen Arbeitsschutzvorschriften, Umweltgesetze oder Datenschutzregeln sein.<\/p>\n<p>Durch die bei uns eingerichtete interne Meldestelle haben Mitarbeiter, Gesch\u00e4ftspartner, Kunden oder sonstige Dritte bei konkreten Anhaltspunkten f\u00fcr Regelverst\u00f6\u00dfe die M\u00f6glichkeit, Hinweise rund um die Uhr \u00fcber verschiedene Meldekan\u00e4le abzugeben. So k\u00f6nnen Risiken fr\u00fchzeitig erkannt, adressiert und im Bedarfsfall angemessene Abhilfe geleistet werden.<\/p>\n<p><strong>Unsere Ma\u00dfnahmen im Einklang mit dem Hinweisgeberschutzgesetz:<\/strong><\/p>\n<ul>\n<li><strong>Vertraulichkeit:<\/strong>\u00a0Vertraulichkeit und der Schutz von Hinweisgebenden stehen hierbei an erster Stelle. Jede Meldung, die bei uns eingereicht wird, behandeln wir vertraulich. Ihre Identit\u00e4t als Hinweisgeber\/in bleibt gesch\u00fctzt, es sei denn, Sie geben eine ausdr\u00fcckliche Zustimmung zur Offenlegung. Es entspricht unserer Vorgehensweise, im Falle einer anonymen Meldung einer hinweisgebenden Person keinerlei Schritte zu unternehmen, deren Identit\u00e4t zu ermitteln.<\/li>\n<li><strong>Sichere Meldekan\u00e4le:<\/strong>\u00a0Wir haben interne Meldekan\u00e4le eingerichtet, \u00fcber die unsere Mitarbeiterinnen und Mitarbeiter oder externe Partner Hinweise zu konkreten oder m\u00f6glichen Rechtsverst\u00f6\u00dfen \u00e4u\u00dfern k\u00f6nnen. Diese Kan\u00e4le sind sicher und stellen die Wahrung der Anonymit\u00e4t sicher, sofern vom Hinweisgebenden gew\u00fcnscht.<\/li>\n<li><strong>Keine Vergeltung:<\/strong>\u00a0Wir garantieren, dass keinerlei Vergeltungsma\u00dfnahmen gegen\u00fcber Personen ergriffen werden, die in gutem Glauben Missst\u00e4nde in unserem Unternehmen melden. Dies ist ein Kernbestandteil unserer Unternehmensethik.<\/li>\n<li><strong>Aufkl\u00e4rung und Schulung:<\/strong>\u00a0Unser Team wird regelm\u00e4\u00dfig \u00fcber ihre Rechte und Pflichten im Zusammenhang mit dem Hinweisgeberschutz geschult. Damit soll sichergestellt werden, dass alle Mitarbeiterinnen und Mitarbeiter Ihre Rechte kennen und damit verbunden das Vertrauen haben, Bedenken zu \u00e4u\u00dfern.<\/li>\n<li><strong>Bearbeitung und Follow-up:<\/strong>\u00a0Alle Meldungen werden sorgf\u00e4ltig gepr\u00fcft und, wenn notwendig, werden entsprechende Ma\u00dfnahmen zur Untersuchung und Behebung eingeleitet.<\/li>\n<\/ul>\n<p>&nbsp;<\/p>\n<h3><strong>Unser Prozess bei einer Meldung<\/strong><\/h3>\n<p>Wenn Sie als Mitarbeiter\/in, Gesch\u00e4ftspartner oder als Kunde\/Kundin einen m\u00f6glichen Regelversto\u00df in unserem Unternehmen melden m\u00f6chten, garantieren wir Ihnen einen klaren und vertraulichen Prozess Ihrer Meldung:<\/p>\n<ol>\n<li><strong>Meldung Einreichen:<\/strong>\u00a0Nutzen Sie unsere eingerichteten sicheren und anonymen Meldekan\u00e4le, um Ihren Hinweis zu melden. Die Meldung kann schriftlich, telefonisch oder \u00fcber das auf dieser Internetseite hinterlegte spezielle Online-Formular erfolgen.<\/li>\n<li><strong>Best\u00e4tigung:<\/strong>\u00a0Nach Eingang Ihrer Meldung erhalten Sie \u00fcber unsere interne Meldestelle eine Best\u00e4tigung, dass Ihre Informationen eingegangen sind. Jede Meldung wird innerhalb von maximal 7 Tagen nach Eingang best\u00e4tigt.<\/li>\n<li><strong>Erstbewertung:<\/strong>\u00a0Jede Meldung wird durch eine zust\u00e4ndige und speziell geschulte und beauftragte Person oder ein Team gepr\u00fcft, um deren Relevanz und den Schweregrad einzusch\u00e4tzen. Die Personen der beauftragten internen Meldestelle sind unparteiisch und unterliegen einer besonderen Verschwiegenheitspflicht. Die Erstbewertung Ihrer Meldung erfolgt innerhalb von 14 Tagen nach der Eingangsbest\u00e4tigung Ihrer Meldung.<\/li>\n<li><strong>Untersuchung:<\/strong>\u00a0Wenn die Meldung als begr\u00fcndet angesehen wird, wird \u00fcber die interne Meldestelle oder, falls erforderlich, eine externe Untersuchung eingeleitet. Wir sorgen daf\u00fcr, dass die Untersuchung fair, unparteiisch und effektiv durchgef\u00fchrt wird. Falls gesetzlich vorgeschrieben, stellen wir Informationen \u00fcber die Handhabung von Hinweisgeberf\u00e4llen den zust\u00e4ndigen Beh\u00f6rden oder der \u00d6ffentlichkeit zur Verf\u00fcgung.<\/li>\n<li><strong>Kommunikation:<\/strong>\u00a0\u00dcber die interne Meldestelle werden Sie \u00fcber den Status Ihrer Meldung auf dem Laufenden gehalten, sofern Ihre Identit\u00e4t bekannt ist und Sie keine anonyme Meldung w\u00fcnschen. F\u00fcr anonyme Meldungen richten wir einen sicheren Kommunikationsweg ein.<\/li>\n<li><strong>Abschluss und Ma\u00dfnahmen:<\/strong>\u00a0Nach Abschluss der Untersuchung informieren werden Sie \u00fcber die getroffenen Ma\u00dfnahmen ausf\u00fchrlich informiert. Wir ergreifen notwendige Schritte, um den gemeldeten und sich als begr\u00fcndet erwiesenen Regelversto\u00df zu beheben und zuk\u00fcnftige Vorf\u00e4lle dieser Art zu verhindern. Diese k\u00f6nnen pr\u00e4ventive, korrektive oder disziplinarische Schritte sein. Falls erforderlich, leiten wir \u00c4nderungen in internen Richtlinien und Verfahren ein, um \u00e4hnliche Vorf\u00e4lle in Zukunft zu verhindern. Wir streben st\u00e4ndige Verbesserung an, um unser Engagement f\u00fcr Compliance und Ethik zu st\u00e4rken.<\/li>\n<li><strong>Feedback:<\/strong>\u00a0Wir bitten um Ihr Feedback zum Prozess der Meldung und Bearbeitung, um unsere Verfahren kontinuierlich zu verbessern.<\/li>\n<li><strong>Vertraulichkeit:<\/strong>\u00a0Auch nach Abschluss des Falls wahren wir die Vertraulichkeit aller personenbezogenen Daten und Informationen im Einklang mit dem Datenschutz und den Bestimmungen des Hinweisgeberschutzgesetzes.<\/li>\n<li><strong>Dokumentation:<\/strong>\u00a0Die Dokumentation des gesamten gemeldeten Hinweises wird sicher aufbewahrt und archiviert, um eine ordnungsgem\u00e4\u00dfe Aufzeichnung gem\u00e4\u00df den gesetzlichen Anforderungen zu gew\u00e4hrleisten.<\/li>\n<li><strong>Kontinuierliche Unterst\u00fctzung:<\/strong>\u00a0Wir verstehen, dass die Meldung von Missst\u00e4nden f\u00fcr die Hinweisgeber belastend sein kann. Wir bieten daher fortlaufende Unterst\u00fctzung und, falls n\u00f6tig, Zugang zu weiterf\u00fchrenden Beratungsangeboten.<\/li>\n<\/ol>\n<p>Sie stellen Ihre personenbezogenen Daten freiwillig zur Verf\u00fcgung. Sie haben die M\u00f6glichkeit, Ihre Meldung anonym abzugeben. Sofern Sie sich freiwillig dazu entscheiden, Ihre personenbezogenen Daten anzugeben und somit einen nichtanonymen Hinweis zu geben, verarbeiten wir Ihre Informationen zweckgebunden allein zur Bearbeitung Ihres Hinweises auf Grundlage von Art. 6 Abs. 1 lit. c, f, DSGVO.<\/p>\n<p>Weitere Informationen zum Datenschutz sowie zu den Ihnen zustehenden Rechten finden Sie hier:<\/p>\n<p>Wir betonen, dass der Prozess darauf ausgelegt ist, Gerechtigkeit zu f\u00f6rdern und unsere Werte von Rechtschaffenheit und Rechtstreue zu st\u00e4rken. Sollten Sie weitere Fragen zu unserem Untersuchungsprozess haben oder eine Meldung einreichen wollen, kontaktieren Sie uns vertraulich \u00fcber unsere festgelegten Kan\u00e4le.<\/p>\n<p>Wir danken allen, die den Mut haben, sich f\u00fcr Integrit\u00e4t und Transparenz in unserem Unternehmen einzusetzen. Ihr Beitrag ist entscheidend, um das Vertrauen in unsere Gesch\u00e4ftspraktiken zu st\u00e4rken und unsere Unternehmenskultur kontinuierlich zu verbessern.<\/p>\n<p>Ihre M\u00f6glichkeiten der Meldung:[\/vc_column_text][\/vc_column][\/vc_row][vc_row full_width=&#8220;stretch_row&#8220;][vc_column][vc_empty_space][vc_tta_accordion section_title_tag=&#8220;h3&#8243; style=&#8220;modern&#8220; color=&#8220;black&#8220; active_section=&#8220;&#8220;][vc_tta_section i_icon_fontawesome=&#8220;fas fa-list&#8220; add_icon=&#8220;true&#8220; title=&#8220;Onlineformular&#8220; tab_id=&#8220;1699307769013-63446b2b-3dbd&#8220;][vc_column_text]\n<div class=\"wpcf7 no-js\" id=\"wpcf7-f3016-o1\" lang=\"de-DE\" dir=\"ltr\" data-wpcf7-id=\"3016\">\n<div class=\"screen-reader-response\"><p role=\"status\" aria-live=\"polite\" aria-atomic=\"true\"><\/p> <ul><\/ul><\/div>\n<form action=\"\/de\/wp-json\/wp\/v2\/pages\/3024#wpcf7-f3016-o1\" method=\"post\" class=\"wpcf7-form init\" aria-label=\"Kontaktformular\" novalidate=\"novalidate\" data-status=\"init\">\n<fieldset class=\"hidden-fields-container\"><input type=\"hidden\" name=\"_wpcf7\" value=\"3016\" \/><input type=\"hidden\" name=\"_wpcf7_version\" value=\"6.1.5\" \/><input type=\"hidden\" name=\"_wpcf7_locale\" value=\"de_DE\" \/><input type=\"hidden\" name=\"_wpcf7_unit_tag\" value=\"wpcf7-f3016-o1\" \/><input type=\"hidden\" name=\"_wpcf7_container_post\" value=\"0\" \/><input type=\"hidden\" name=\"_wpcf7_posted_data_hash\" value=\"\" \/>\n<\/fieldset>\n<p><label> Beschreibung des Vorfalls\/der Situation<br \/>\n<span class=\"wpcf7-form-control-wrap\" data-name=\"vorfall\"><textarea cols=\"40\" rows=\"10\" maxlength=\"2000\" class=\"wpcf7-form-control wpcf7-textarea wpcf7-validates-as-required\" aria-required=\"true\" aria-invalid=\"false\" name=\"vorfall\"><\/textarea><\/span><\/label>\n<\/p>\n<p><label> Datum\/Uhrzeit, wann der Vorfall aufgetreten ist<br \/>\n<span class=\"wpcf7-form-control-wrap\" data-name=\"datum\"><input size=\"40\" maxlength=\"400\" class=\"wpcf7-form-control wpcf7-text wpcf7-validates-as-required\" aria-required=\"true\" aria-invalid=\"false\" value=\"\" type=\"text\" name=\"datum\" \/><\/span><\/label>\n<\/p>\n<p><label> Ort, an dem der Vorfall aufgetreten ist<br \/>\n<span class=\"wpcf7-form-control-wrap\" data-name=\"ort\"><input size=\"40\" maxlength=\"400\" class=\"wpcf7-form-control wpcf7-text wpcf7-validates-as-required\" aria-required=\"true\" aria-invalid=\"false\" value=\"\" type=\"text\" name=\"ort\" \/><\/span> <\/label>\n<\/p>\n<p><label> Namen von Personen, die an dem Vorfall beteiligt sind oder waren<br \/>\n<span class=\"wpcf7-form-control-wrap\" data-name=\"beteiligte\"><textarea cols=\"40\" rows=\"10\" maxlength=\"2000\" class=\"wpcf7-form-control wpcf7-textarea wpcf7-validates-as-required\" aria-required=\"true\" aria-invalid=\"false\" name=\"beteiligte\"><\/textarea><\/span> <\/label>\n<\/p>\n<p><label> Position oder Rolle der beteiligten Personen im Unternehmen<br \/>\n<span class=\"wpcf7-form-control-wrap\" data-name=\"position\"><textarea cols=\"40\" rows=\"10\" maxlength=\"2000\" class=\"wpcf7-form-control wpcf7-textarea wpcf7-validates-as-required\" aria-required=\"true\" aria-invalid=\"false\" name=\"position\"><\/textarea><\/span> <\/label>\n<\/p>\n<p><label> Kontaktinformationen der Zeugen (falls bekannt und relevant)<br \/>\n<span class=\"wpcf7-form-control-wrap\" data-name=\"kontakt\"><textarea cols=\"40\" rows=\"10\" maxlength=\"2000\" class=\"wpcf7-form-control wpcf7-textarea wpcf7-validates-as-required\" aria-required=\"true\" aria-invalid=\"false\" name=\"kontakt\"><\/textarea><\/span><\/label>\n<\/p>\n<p><label> Datenschutz<br \/>\n<span class=\"wpcf7-form-control-wrap\" data-name=\"datenschutz\"><span class=\"wpcf7-form-control wpcf7-acceptance\"><span class=\"wpcf7-list-item\"><label><input type=\"checkbox\" name=\"datenschutz\" value=\"1\" aria-invalid=\"false\" \/><span class=\"wpcf7-list-item-label\">Ja, ich habe die\u00a0<a href=\"https:\/\/ars-dienstleistungen.de\/de\/#1664371637850-078216ae-2b4a\" target=\"_blank\" rel=\"noopener\">Datenschutzerkl\u00e4rung<\/a>\u00a0zur Kenntnis genommen.<\/span><\/label><\/span><\/span><\/span> <\/label>\n<\/p>\n<p><label> Beantworten sie bitte folgende Sicherheitsfrage<br \/>\n<span class=\"wpcf7-form-control-wrap\" data-name=\"sicherheit\"><label><span class=\"wpcf7-quiz-label\">Was ist die Hauptstadt von Russland?<\/span> <input size=\"40\" class=\"wpcf7-form-control wpcf7-quiz\" autocomplete=\"off\" aria-required=\"true\" aria-invalid=\"false\" type=\"text\" name=\"sicherheit\" \/><\/label><input type=\"hidden\" name=\"_wpcf7_quiz_answer_sicherheit\" value=\"09d77cfbbd3ca138cdf813dd9b2ebe1c\" \/><\/span><\/label>\n<\/p>\n<p><input class=\"wpcf7-form-control wpcf7-submit has-spinner\" type=\"submit\" value=\"Formular Absenden\" \/>\n<\/p><div class=\"wpcf7-response-output\" aria-hidden=\"true\"><\/div>\n<\/form>\n<\/div>\n[\/vc_column_text][\/vc_tta_section][vc_tta_section i_icon_fontawesome=&#8220;fas fa-sign-in-alt&#8220; add_icon=&#8220;true&#8220; title=&#8220;Kontaktadresse interne Meldestelle (telefonisch und schriftlich):&#8220; tab_id=&#8220;1699308570944-214792ce-7f5f&#8220;][vc_column_text]Lilli Braul<br \/>\nRechtsanw\u00e4ltin<br \/>\nTelefon: 0163\/ 981 90 98<br \/>\nE-Mail: Recht-Braul@t-online.de[\/vc_column_text][\/vc_tta_section][\/vc_tta_accordion][\/vc_column][\/vc_row][vc_row][vc_column][vc_empty_space][vc_column_text]<strong>F\u00fcr unsere Kunden:<\/strong><\/p>\n<p>Sie als unsere gesch\u00e4tzten Kunden spielen ebenfalls eine wichtige Rolle. Sollten Sie auf potenzielle Regelverst\u00f6\u00dfe aufmerksam werden, ermutigen wir Sie, diese \u00fcber die von uns bereitgestellten sicheren Kan\u00e4le zu melden. Ihre Meldungen helfen uns, unsere Dienstleistungen kontinuierlich zu verbessern und sicherzustellen, dass wir unseren hohen Standards auch weiterhin gerecht werden.<\/p>\n<p>Wir bei A.R.S. Dienstleistungen sind stolz darauf, eine Kultur der Offenheit und des Respekts zu f\u00f6rdern. Wir sind \u00fcberzeugt, dass das Hinweisgeberschutzgesetz nicht nur unsere Mitarbeiterinnen und Mitarbeiter sch\u00fctzt, sondern auch zu einer besseren und sichereren Arbeitsumgebung f\u00fcr alle Beteiligten beitr\u00e4gt.<\/p>\n<p>F\u00fcr Fragen oder weitere Informationen zum Hinweisgeberschutzgesetz und unserer Richtlinien stehen wir Ihnen gerne zur Verf\u00fcgung.<\/p>\n<p>Gemeinsam f\u00fcr eine transparente und verantwortungsvolle Gesch\u00e4ftswelt.<\/p>\n<p>Mit vertrauensvollen Gr\u00fc\u00dfen,<\/p>\n<p>A.R.S. Dienstleistungen<br \/>\nMarieluise-Flei\u00dfer-Bogen 11<br \/>\n81737 M\u00fcnchen[\/vc_column_text][\/vc_column][\/vc_row]<\/p>\n<\/section>","protected":false},"excerpt":{"rendered":"<p>[vc_row full_width=&#8220;stretch_row&#8220; equal_height=&#8220;yes&#8220; css=&#8220;.vc_custom_1699309814011{background-image: url(https:\/\/ars-dienstleistungen.de\/de\/wp-content\/uploads\/2022\/09\/g32g.jpeg?id=2065) !important;}&#8220;][vc_column][vc_empty_space height=&#8220;68px&#8220;][vc_column_text] Hinweisgeberschutz [\/vc_column_text][vc_empty_space][\/vc_column][\/vc_row][vc_row][vc_column][vc_empty_space][\/vc_column][\/vc_row][vc_row][vc_column][vc_column_text] Hinweisgeberschutzgesetz \u2013 Unser Engagement f\u00fcr Transparenz und Integrit\u00e4t Liebe Kundinnen und Kunden, liebe Mitarbeiterinnen und Mitarbeiter, in unserem Bestreben, ein verantwortungsbewusstes&#8230;<\/p>\n","protected":false},"author":1,"featured_media":0,"parent":0,"menu_order":0,"comment_status":"closed","ping_status":"closed","template":"","meta":{"footnotes":""},"class_list":["post-3024","page","type-page","status-publish","hentry"],"_links":{"self":[{"href":"https:\/\/ars-dienstleistungen.de\/de\/wp-json\/wp\/v2\/pages\/3024","targetHints":{"allow":["GET"]}}],"collection":[{"href":"https:\/\/ars-dienstleistungen.de\/de\/wp-json\/wp\/v2\/pages"}],"about":[{"href":"https:\/\/ars-dienstleistungen.de\/de\/wp-json\/wp\/v2\/types\/page"}],"author":[{"embeddable":true,"href":"https:\/\/ars-dienstleistungen.de\/de\/wp-json\/wp\/v2\/users\/1"}],"replies":[{"embeddable":true,"href":"https:\/\/ars-dienstleistungen.de\/de\/wp-json\/wp\/v2\/comments?post=3024"}],"version-history":[{"count":42,"href":"https:\/\/ars-dienstleistungen.de\/de\/wp-json\/wp\/v2\/pages\/3024\/revisions"}],"predecessor-version":[{"id":3096,"href":"https:\/\/ars-dienstleistungen.de\/de\/wp-json\/wp\/v2\/pages\/3024\/revisions\/3096"}],"wp:attachment":[{"href":"https:\/\/ars-dienstleistungen.de\/de\/wp-json\/wp\/v2\/media?parent=3024"}],"curies":[{"name":"wp","href":"https:\/\/api.w.org\/{rel}","templated":true}]}}